{"id":74601,"date":"2026-05-04T13:10:10","date_gmt":"2026-05-04T13:10:10","guid":{"rendered":"https:\/\/skyshop.pt\/?post_type=product&#038;p=74601"},"modified":"2026-05-04T13:10:11","modified_gmt":"2026-05-04T13:10:11","slug":"airbus-a320-eurowings-bvb-mannschaftsairbus-2025-d-aewm-2","status":"publish","type":"product","link":"https:\/\/skyshop.pt\/en\/product\/airbus-a320-eurowings-bvb-mannschaftsairbus-2025-d-aewm-2\/","title":{"rendered":"Airbus A320 Eurowings BVB Mannschaftsairbus 2025 D-AEWM"},"content":{"rendered":"<p>Scale 1:200<\/p>\n<p>Publisher\/Brand: Herpa Wings<\/p>\n<p>Approximate dimensions: 17.1 cm (width) x 18.8 cm (length) x 6 cm (height)<\/p>\n<p>Vers\u00e3o: Pl\u00e1stico ABS, com suporte, antena e trem de pouso<\/p>\n<p>REF -573764<\/p>","protected":false},"excerpt":{"rendered":"<p>Escala 1:200 Editora\/Marca: Herpa Wings Dimens\u00f5es aproximadas: 17,1 cm (largura) x 18,8 cm (comprimento) x 6 cm (altura) Vers\u00e3o: Pl\u00e1stico<\/p>","protected":false},"featured_media":74605,"comment_status":"open","ping_status":"closed","template":"","meta":[],"product_brand":[],"product_cat":[19138,19219,19033,19057,19036,19391,19136,19061,19055,19039,19389,19083],"product_tag":[],"class_list":{"0":"post-74601","1":"product","2":"type-product","3":"status-publish","4":"has-post-thumbnail","6":"product_cat-1200-escala-herpa","7":"product_cat-1200-3","8":"product_cat-aviacao-civil","9":"product_cat-categorias","10":"product_cat-diecast-metal","11":"product_cat-diecast-metal-tipo-herpa","12":"product_cat-escala-herpa","13":"product_cat-herpa","14":"product_cat-marcas","15":"product_cat-novidades","16":"product_cat-tipo-herpa","17":"product_cat-tipo","19":"first","20":"instock","21":"taxable","22":"shipping-taxable","23":"purchasable","24":"product-type-simple"},"_links":{"self":[{"href":"https:\/\/skyshop.pt\/en\/wp-json\/wp\/v2\/product\/74601","targetHints":{"allow":["GET"]}}],"collection":[{"href":"https:\/\/skyshop.pt\/en\/wp-json\/wp\/v2\/product"}],"about":[{"href":"https:\/\/skyshop.pt\/en\/wp-json\/wp\/v2\/types\/product"}],"replies":[{"embeddable":true,"href":"https:\/\/skyshop.pt\/en\/wp-json\/wp\/v2\/comments?post=74601"}],"version-history":[{"count":1,"href":"https:\/\/skyshop.pt\/en\/wp-json\/wp\/v2\/product\/74601\/revisions"}],"predecessor-version":[{"id":74606,"href":"https:\/\/skyshop.pt\/en\/wp-json\/wp\/v2\/product\/74601\/revisions\/74606"}],"wp:featuredmedia":[{"embeddable":true,"href":"https:\/\/skyshop.pt\/en\/wp-json\/wp\/v2\/media\/74605"}],"wp:attachment":[{"href":"https:\/\/skyshop.pt\/en\/wp-json\/wp\/v2\/media?parent=74601"}],"wp:term":[{"taxonomy":"product_brand","embeddable":true,"href":"https:\/\/skyshop.pt\/en\/wp-json\/wp\/v2\/product_brand?post=74601"},{"taxonomy":"product_cat","embeddable":true,"href":"https:\/\/skyshop.pt\/en\/wp-json\/wp\/v2\/product_cat?post=74601"},{"taxonomy":"product_tag","embeddable":true,"href":"https:\/\/skyshop.pt\/en\/wp-json\/wp\/v2\/product_tag?post=74601"}],"curies":[{"name":"wp","href":"https:\/\/api.w.org\/{rel}","templated":true}]}}