{"id":74519,"date":"2026-04-28T10:00:37","date_gmt":"2026-04-28T10:00:37","guid":{"rendered":"https:\/\/skyshop.pt\/?post_type=product&#038;p=74519"},"modified":"2026-04-28T10:00:38","modified_gmt":"2026-04-28T10:00:38","slug":"su-35s-flanker-e-61271-plaaf-china-w-2-x-pl-17-4-x-r-77m","status":"publish","type":"product","link":"https:\/\/skyshop.pt\/en\/product\/su-35s-flanker-e-61271-plaaf-china-w-2-x-pl-17-4-x-r-77m\/","title":{"rendered":"Su-35S Flanker E 61271, PLAAF, China (w\/ 2 x PL-17, 4 x R-77M)"},"content":{"rendered":"<p>Scale 1:72<\/p>\n<p>Publisher\/Brand: Hobbymaster<\/p>\n<p>Approximate dimensions: 21.3 cm (width) x 30.4 cm (length) x 8.2 cm (height)<\/p>\n<p>Cast metal construction with some plastic components. Realistic panel lines, antennas, access panels and surface details. Pad-printed markings and plates that won't fade or peel like decals. Includes landing gear.<\/p>\n<p>REF -HA5716<\/p>","protected":false},"excerpt":{"rendered":"<p>Escala 1:72 Editora\/Marca: Hobbymaster Dimens\u00f5es aproximadas: 21,3 cm (largura) x 30,4 cm (comprimento) x 8,2 cm (altura) Constru\u00e7\u00e3o em metal<\/p>","protected":false},"featured_media":74523,"comment_status":"open","ping_status":"closed","template":"","meta":[],"product_brand":[],"product_cat":[19394,19181,19387,19057,19036,19158,19073,19055,19251,19039,19083],"product_tag":[],"class_list":{"0":"post-74519","1":"product","2":"type-product","3":"status-publish","4":"has-post-thumbnail","6":"product_cat-172-2","7":"product_cat-172-escala-hobby-master","8":"product_cat-aviacao-militar","9":"product_cat-categorias","10":"product_cat-diecast-metal","11":"product_cat-escala-hobby-master","12":"product_cat-hobby-master","13":"product_cat-marcas","14":"product_cat-militar","15":"product_cat-novidades","16":"product_cat-tipo","18":"first","19":"instock","20":"taxable","21":"shipping-taxable","22":"purchasable","23":"product-type-simple"},"_links":{"self":[{"href":"https:\/\/skyshop.pt\/en\/wp-json\/wp\/v2\/product\/74519","targetHints":{"allow":["GET"]}}],"collection":[{"href":"https:\/\/skyshop.pt\/en\/wp-json\/wp\/v2\/product"}],"about":[{"href":"https:\/\/skyshop.pt\/en\/wp-json\/wp\/v2\/types\/product"}],"replies":[{"embeddable":true,"href":"https:\/\/skyshop.pt\/en\/wp-json\/wp\/v2\/comments?post=74519"}],"version-history":[{"count":1,"href":"https:\/\/skyshop.pt\/en\/wp-json\/wp\/v2\/product\/74519\/revisions"}],"predecessor-version":[{"id":74524,"href":"https:\/\/skyshop.pt\/en\/wp-json\/wp\/v2\/product\/74519\/revisions\/74524"}],"wp:featuredmedia":[{"embeddable":true,"href":"https:\/\/skyshop.pt\/en\/wp-json\/wp\/v2\/media\/74523"}],"wp:attachment":[{"href":"https:\/\/skyshop.pt\/en\/wp-json\/wp\/v2\/media?parent=74519"}],"wp:term":[{"taxonomy":"product_brand","embeddable":true,"href":"https:\/\/skyshop.pt\/en\/wp-json\/wp\/v2\/product_brand?post=74519"},{"taxonomy":"product_cat","embeddable":true,"href":"https:\/\/skyshop.pt\/en\/wp-json\/wp\/v2\/product_cat?post=74519"},{"taxonomy":"product_tag","embeddable":true,"href":"https:\/\/skyshop.pt\/en\/wp-json\/wp\/v2\/product_tag?post=74519"}],"curies":[{"name":"wp","href":"https:\/\/api.w.org\/{rel}","templated":true}]}}