{"id":74433,"date":"2026-04-27T13:58:20","date_gmt":"2026-04-27T13:58:20","guid":{"rendered":"https:\/\/skyshop.pt\/?post_type=product&#038;p=74433"},"modified":"2026-04-27T13:58:21","modified_gmt":"2026-04-27T13:58:21","slug":"f-16v-play-to-win-93-0814-21st-sqn-tuscon-2025","status":"publish","type":"product","link":"https:\/\/skyshop.pt\/en\/product\/f-16v-play-to-win-93-0814-21st-sqn-tuscon-2025\/","title":{"rendered":"F-16V \"Play to Win\" 93-0814, 21st Sqn., Tuscon, 2025"},"content":{"rendered":"<p>Scale 1:72<\/p>\n<p>Publisher\/Brand: Hobbymaster<\/p>\n<p>Approximate dimensions: 13.9 cm (width) x 20.9 cm (length) x 7 cm (height)<\/p>\n<p>Construction - in die-cast metal with some plastic components. Realistic panel lines, antennas, access panels and surface details. Pad-printed markings and plates that won't fade or peel like decals. Includes stand and landing gear.<\/p>\n<p>REF - HA38070<\/p>","protected":false},"excerpt":{"rendered":"<p>Escala 1:72 Editora\/Marca: Hobbymaster Dimens\u00f5es aproximadas: 13,9 cm (largura) x 20,9 cm (comprimento) x 7 cm (altura) Constru\u00e7\u00e3o &#8211; em<\/p>","protected":false},"featured_media":74434,"comment_status":"open","ping_status":"closed","template":"","meta":[],"product_brand":[],"product_cat":[19181,19394,19387,19057,19158,19073,19055,19039],"product_tag":[],"class_list":{"0":"post-74433","1":"product","2":"type-product","3":"status-publish","4":"has-post-thumbnail","6":"product_cat-172-escala-hobby-master","7":"product_cat-172-2","8":"product_cat-aviacao-militar","9":"product_cat-categorias","10":"product_cat-escala-hobby-master","11":"product_cat-hobby-master","12":"product_cat-marcas","13":"product_cat-novidades","15":"first","16":"instock","17":"taxable","18":"shipping-taxable","19":"purchasable","20":"product-type-simple"},"_links":{"self":[{"href":"https:\/\/skyshop.pt\/en\/wp-json\/wp\/v2\/product\/74433","targetHints":{"allow":["GET"]}}],"collection":[{"href":"https:\/\/skyshop.pt\/en\/wp-json\/wp\/v2\/product"}],"about":[{"href":"https:\/\/skyshop.pt\/en\/wp-json\/wp\/v2\/types\/product"}],"replies":[{"embeddable":true,"href":"https:\/\/skyshop.pt\/en\/wp-json\/wp\/v2\/comments?post=74433"}],"version-history":[{"count":1,"href":"https:\/\/skyshop.pt\/en\/wp-json\/wp\/v2\/product\/74433\/revisions"}],"predecessor-version":[{"id":74439,"href":"https:\/\/skyshop.pt\/en\/wp-json\/wp\/v2\/product\/74433\/revisions\/74439"}],"wp:featuredmedia":[{"embeddable":true,"href":"https:\/\/skyshop.pt\/en\/wp-json\/wp\/v2\/media\/74434"}],"wp:attachment":[{"href":"https:\/\/skyshop.pt\/en\/wp-json\/wp\/v2\/media?parent=74433"}],"wp:term":[{"taxonomy":"product_brand","embeddable":true,"href":"https:\/\/skyshop.pt\/en\/wp-json\/wp\/v2\/product_brand?post=74433"},{"taxonomy":"product_cat","embeddable":true,"href":"https:\/\/skyshop.pt\/en\/wp-json\/wp\/v2\/product_cat?post=74433"},{"taxonomy":"product_tag","embeddable":true,"href":"https:\/\/skyshop.pt\/en\/wp-json\/wp\/v2\/product_tag?post=74433"}],"curies":[{"name":"wp","href":"https:\/\/api.w.org\/{rel}","templated":true}]}}