{"id":74385,"date":"2026-04-20T20:50:58","date_gmt":"2026-04-20T20:50:58","guid":{"rendered":"https:\/\/skyshop.pt\/?post_type=product&#038;p=74385"},"modified":"2026-04-20T20:50:59","modified_gmt":"2026-04-20T20:50:59","slug":"spitfire-mk-vb-p-o-donald-e-kingaby-w3320-no-92-sqn-raf-biggin-hill-july-august-1941","status":"publish","type":"product","link":"https:\/\/skyshop.pt\/en\/product\/spitfire-mk-vb-p-o-donald-e-kingaby-w3320-no-92-sqn-raf-biggin-hill-july-august-1941\/","title":{"rendered":"Spitfire Mk. Vb, \"P\/O Donald E. Kingaby\" W3320, No.92 Sqn., RAF Biggin Hill, July-August 1941"},"content":{"rendered":"<p>Pre-sale<br \/>\nScale 1:48<\/p>\n<p>Publisher\/Brand: Hobbymaster<\/p>\n<p>Approximate dimensions: 23.4 cm (width) x 19 cm (length) x 7.3 cm (height)<\/p>\n<p>Version: Die-cast metal construction with some plastic components. Realistic panel lines, antennas, access panels and surface details. Printed markings and plates that won't fade or peel like decals. Includes stand and landing gear.<\/p>\n<p>Category: Scale Aircraft Models<\/p>\n<p>Subcategory: 1:48 Scale Aircraft Models \" 1:48 Hobby Master<\/p>\n<p>Availability: Not yet available. Future release. Can already be ordered and paid for. No set dates. The release could take place next week, next month or even next year(s). Release dates vary and are beyond our knowledge or control. When it is available, it will be dispatched immediately or you will be notified to collect it, depending on your choice at the time of purchase.<\/p>\n<p>&nbsp;<\/p>\n<p>REF -HA7866<\/p>","protected":false},"excerpt":{"rendered":"<p>Pr\u00e9-venda Escala 1:48 Editora\/Marca: Hobbymaster Dimens\u00f5es aproximadas: 23,4 cm (largura) x 19 cm (comprimento) x 7,3 cm (altura) Vers\u00e3o: Constru\u00e7\u00e3o<\/p>","protected":false},"featured_media":74386,"comment_status":"open","ping_status":"closed","template":"","meta":[],"product_brand":[],"product_cat":[19211,19387,19057,19036,19158,19073,19055,19251,19039,19034,19083],"product_tag":[],"class_list":{"0":"post-74385","1":"product","2":"type-product","3":"status-publish","4":"has-post-thumbnail","6":"product_cat-148-escala-hobby-master","7":"product_cat-aviacao-militar","8":"product_cat-categorias","9":"product_cat-diecast-metal","10":"product_cat-escala-hobby-master","11":"product_cat-hobby-master","12":"product_cat-marcas","13":"product_cat-militar","14":"product_cat-novidades","15":"product_cat-pre-order","16":"product_cat-tipo","18":"first","19":"instock","20":"taxable","21":"shipping-taxable","22":"purchasable","23":"product-type-simple"},"_links":{"self":[{"href":"https:\/\/skyshop.pt\/en\/wp-json\/wp\/v2\/product\/74385","targetHints":{"allow":["GET"]}}],"collection":[{"href":"https:\/\/skyshop.pt\/en\/wp-json\/wp\/v2\/product"}],"about":[{"href":"https:\/\/skyshop.pt\/en\/wp-json\/wp\/v2\/types\/product"}],"replies":[{"embeddable":true,"href":"https:\/\/skyshop.pt\/en\/wp-json\/wp\/v2\/comments?post=74385"}],"version-history":[{"count":1,"href":"https:\/\/skyshop.pt\/en\/wp-json\/wp\/v2\/product\/74385\/revisions"}],"predecessor-version":[{"id":74387,"href":"https:\/\/skyshop.pt\/en\/wp-json\/wp\/v2\/product\/74385\/revisions\/74387"}],"wp:featuredmedia":[{"embeddable":true,"href":"https:\/\/skyshop.pt\/en\/wp-json\/wp\/v2\/media\/74386"}],"wp:attachment":[{"href":"https:\/\/skyshop.pt\/en\/wp-json\/wp\/v2\/media?parent=74385"}],"wp:term":[{"taxonomy":"product_brand","embeddable":true,"href":"https:\/\/skyshop.pt\/en\/wp-json\/wp\/v2\/product_brand?post=74385"},{"taxonomy":"product_cat","embeddable":true,"href":"https:\/\/skyshop.pt\/en\/wp-json\/wp\/v2\/product_cat?post=74385"},{"taxonomy":"product_tag","embeddable":true,"href":"https:\/\/skyshop.pt\/en\/wp-json\/wp\/v2\/product_tag?post=74385"}],"curies":[{"name":"wp","href":"https:\/\/api.w.org\/{rel}","templated":true}]}}