{"id":74371,"date":"2026-04-19T13:04:20","date_gmt":"2026-04-19T13:04:20","guid":{"rendered":"https:\/\/skyshop.pt\/?post_type=product&#038;p=74371"},"modified":"2026-04-19T13:04:21","modified_gmt":"2026-04-19T13:04:21","slug":"mitsubishi-f2a-adtw-13-8514-jasdf-2017-w-asm-3-x-2","status":"publish","type":"product","link":"https:\/\/skyshop.pt\/en\/product\/mitsubishi-f2a-adtw-13-8514-jasdf-2017-w-asm-3-x-2\/","title":{"rendered":"Mitsubishi F2A \"ADTW\" 13-8514, JASDF, 2017 (w\/ASM-3 x 2)"},"content":{"rendered":"<p>Scale 1:72<\/p>\n<p>Publisher\/Brand: Hobbymaster<\/p>\n<p>Dimens\u00f5es aproximadas: 15,5 cm (largura) x 21,6 cm (comprimento) x 6,5 cm (altura)<\/p>\n<p>Version: Die-cast metal construction with some plastic components. Realistic panel lines, antennas, access panels and surface details. Printed markings and plates that won't fade or peel like decals. Includes stand and landing gear.<\/p>\n<p>Disponibilidade: N\u00e3o dispon\u00edvel em stock\u00a0 (ainda). Lan\u00e7amento futuro. J\u00e1 pode ser encomendado e pago. Sem datas definidas. O lan\u00e7amento pode ocorrer na pr\u00f3xima semana, no pr\u00f3ximo m\u00eas ou at\u00e9 mesmo no(s) pr\u00f3ximo(s) ano(s). As datas de lan\u00e7amento variam e est\u00e3o al\u00e9m do nosso conhecimento ou controle. Quando estiver dispon\u00edvel, ser\u00e1 enviado imediatamente ou voc\u00ea ser\u00e1 notificado para retir\u00e1-lo, dependendo da sua escolha no momento da compra.<\/p>\n<p>REF &#8211; HA2724<\/p>","protected":false},"excerpt":{"rendered":"<p>Escala 1:72 Editora\/Marca: Hobbymaster Dimens\u00f5es aproximadas: 15,5 cm (largura) x 21,6 cm (comprimento) x 6,5 cm (altura) Vers\u00e3o: Constru\u00e7\u00e3o em<\/p>","protected":false},"featured_media":74372,"comment_status":"open","ping_status":"closed","template":"","meta":[],"product_brand":[],"product_cat":[19394,19181,19387,19057,19036,19158,19073,19055,19251,19039,19034,19083],"product_tag":[],"class_list":{"0":"post-74371","1":"product","2":"type-product","3":"status-publish","4":"has-post-thumbnail","6":"product_cat-172-2","7":"product_cat-172-escala-hobby-master","8":"product_cat-aviacao-militar","9":"product_cat-categorias","10":"product_cat-diecast-metal","11":"product_cat-escala-hobby-master","12":"product_cat-hobby-master","13":"product_cat-marcas","14":"product_cat-militar","15":"product_cat-novidades","16":"product_cat-pre-order","17":"product_cat-tipo","19":"first","20":"instock","21":"taxable","22":"shipping-taxable","23":"purchasable","24":"product-type-simple"},"_links":{"self":[{"href":"https:\/\/skyshop.pt\/en\/wp-json\/wp\/v2\/product\/74371","targetHints":{"allow":["GET"]}}],"collection":[{"href":"https:\/\/skyshop.pt\/en\/wp-json\/wp\/v2\/product"}],"about":[{"href":"https:\/\/skyshop.pt\/en\/wp-json\/wp\/v2\/types\/product"}],"replies":[{"embeddable":true,"href":"https:\/\/skyshop.pt\/en\/wp-json\/wp\/v2\/comments?post=74371"}],"version-history":[{"count":1,"href":"https:\/\/skyshop.pt\/en\/wp-json\/wp\/v2\/product\/74371\/revisions"}],"predecessor-version":[{"id":74373,"href":"https:\/\/skyshop.pt\/en\/wp-json\/wp\/v2\/product\/74371\/revisions\/74373"}],"wp:featuredmedia":[{"embeddable":true,"href":"https:\/\/skyshop.pt\/en\/wp-json\/wp\/v2\/media\/74372"}],"wp:attachment":[{"href":"https:\/\/skyshop.pt\/en\/wp-json\/wp\/v2\/media?parent=74371"}],"wp:term":[{"taxonomy":"product_brand","embeddable":true,"href":"https:\/\/skyshop.pt\/en\/wp-json\/wp\/v2\/product_brand?post=74371"},{"taxonomy":"product_cat","embeddable":true,"href":"https:\/\/skyshop.pt\/en\/wp-json\/wp\/v2\/product_cat?post=74371"},{"taxonomy":"product_tag","embeddable":true,"href":"https:\/\/skyshop.pt\/en\/wp-json\/wp\/v2\/product_tag?post=74371"}],"curies":[{"name":"wp","href":"https:\/\/api.w.org\/{rel}","templated":true}]}}