{"id":73882,"date":"2026-03-29T21:54:42","date_gmt":"2026-03-29T21:54:42","guid":{"rendered":"https:\/\/skyshop.pt\/?post_type=product&#038;p=73882"},"modified":"2026-03-29T21:54:43","modified_gmt":"2026-03-29T21:54:43","slug":"eurofighter-italian-af-100-years-36-55-italian-air-force-riat-2023","status":"publish","type":"product","link":"https:\/\/skyshop.pt\/en\/product\/eurofighter-italian-af-100-years-36-55-italian-air-force-riat-2023\/","title":{"rendered":"Eurofighter \"Italian AF 100 Years\" 36-55, Italian Air Force, RIAT 2023"},"content":{"rendered":"<p>Scale 1:72<\/p>\n<p>Publisher\/Brand: Hobbymaster<\/p>\n<p>Dimensions - approximate: 15.2 cm (width) x 22.2 cm (length) x 7.3 cm (height)<\/p>\n<p>Construction - in die-cast metal with some plastic components. Realistic panel lines, antennas, access panels and surface details. Pad-printed markings and plates that won't fade or peel like decals. Includes landing gear.<\/p>\n<p>&nbsp;<\/p>\n<p>REF - HA6630<\/p>","protected":false},"excerpt":{"rendered":"<p>Escala 1:72 Editora\/Marca: Hobbymaster Dimens\u00f5es &#8211; aproximadas: 15,2 cm (largura) x 22,2 cm (comprimento) x 7,3 cm (altura) Constru\u00e7\u00e3o &#8211;<\/p>","protected":false},"featured_media":73887,"comment_status":"open","ping_status":"closed","template":"","meta":[],"product_brand":[],"product_cat":[19181,19394,19387,19057,19036,19158,19073,19055,19251,19039,19083],"product_tag":[],"class_list":{"0":"post-73882","1":"product","2":"type-product","3":"status-publish","4":"has-post-thumbnail","6":"product_cat-172-escala-hobby-master","7":"product_cat-172-2","8":"product_cat-aviacao-militar","9":"product_cat-categorias","10":"product_cat-diecast-metal","11":"product_cat-escala-hobby-master","12":"product_cat-hobby-master","13":"product_cat-marcas","14":"product_cat-militar","15":"product_cat-novidades","16":"product_cat-tipo","18":"first","19":"instock","20":"taxable","21":"shipping-taxable","22":"purchasable","23":"product-type-simple"},"_links":{"self":[{"href":"https:\/\/skyshop.pt\/en\/wp-json\/wp\/v2\/product\/73882","targetHints":{"allow":["GET"]}}],"collection":[{"href":"https:\/\/skyshop.pt\/en\/wp-json\/wp\/v2\/product"}],"about":[{"href":"https:\/\/skyshop.pt\/en\/wp-json\/wp\/v2\/types\/product"}],"replies":[{"embeddable":true,"href":"https:\/\/skyshop.pt\/en\/wp-json\/wp\/v2\/comments?post=73882"}],"version-history":[{"count":1,"href":"https:\/\/skyshop.pt\/en\/wp-json\/wp\/v2\/product\/73882\/revisions"}],"predecessor-version":[{"id":73888,"href":"https:\/\/skyshop.pt\/en\/wp-json\/wp\/v2\/product\/73882\/revisions\/73888"}],"wp:featuredmedia":[{"embeddable":true,"href":"https:\/\/skyshop.pt\/en\/wp-json\/wp\/v2\/media\/73887"}],"wp:attachment":[{"href":"https:\/\/skyshop.pt\/en\/wp-json\/wp\/v2\/media?parent=73882"}],"wp:term":[{"taxonomy":"product_brand","embeddable":true,"href":"https:\/\/skyshop.pt\/en\/wp-json\/wp\/v2\/product_brand?post=73882"},{"taxonomy":"product_cat","embeddable":true,"href":"https:\/\/skyshop.pt\/en\/wp-json\/wp\/v2\/product_cat?post=73882"},{"taxonomy":"product_tag","embeddable":true,"href":"https:\/\/skyshop.pt\/en\/wp-json\/wp\/v2\/product_tag?post=73882"}],"curies":[{"name":"wp","href":"https:\/\/api.w.org\/{rel}","templated":true}]}}