{"id":73868,"date":"2026-03-29T21:38:04","date_gmt":"2026-03-29T21:38:04","guid":{"rendered":"https:\/\/skyshop.pt\/?post_type=product&#038;p=73868"},"modified":"2026-03-29T21:38:04","modified_gmt":"2026-03-29T21:38:04","slug":"mig-17f-fresco-c-630-jbg-37-ddr-east-german-air-force-dreitz-1969-w-ub-16-57","status":"publish","type":"product","link":"https:\/\/skyshop.pt\/en\/product\/mig-17f-fresco-c-630-jbg-37-ddr-east-german-air-force-dreitz-1969-w-ub-16-57\/","title":{"rendered":"MIG-17F Fresco C 630, JBG-37, DDR East German Air Force, Dreitz 1969 (w\/ UB-16-57)"},"content":{"rendered":"<p>Scale 1:72<\/p>\n<p>Publisher\/Brand: Hobbymaster<\/p>\n<p>Approximate dimensions: 14.3 cm (width) x 19.4 cm (length) x 5.6 cm (height)<\/p>\n<p>Construction - in die-cast metal with some plastic components. Realistic panel lines, antennas, access panels and surface details. Pad-printed markings and plates that won't fade or peel like decals. Includes landing gear.<\/p>\n<p>&nbsp;<\/p>\n<p>REF - HA5914<\/p>","protected":false},"excerpt":{"rendered":"<p>Escala 1:72 Editora\/Marca: Hobbymaster Dimens\u00f5es aproximadas: 14,3 cm (largura) x 19,4 cm (comprimento) x 5,6 cm (altura) Constru\u00e7\u00e3o &#8211; em<\/p>","protected":false},"featured_media":73872,"comment_status":"open","ping_status":"closed","template":"","meta":[],"product_brand":[],"product_cat":[19181,19394,19387,19057,19036,19073,19055,19251,19039,19083],"product_tag":[],"class_list":{"0":"post-73868","1":"product","2":"type-product","3":"status-publish","4":"has-post-thumbnail","6":"product_cat-172-escala-hobby-master","7":"product_cat-172-2","8":"product_cat-aviacao-militar","9":"product_cat-categorias","10":"product_cat-diecast-metal","11":"product_cat-hobby-master","12":"product_cat-marcas","13":"product_cat-militar","14":"product_cat-novidades","15":"product_cat-tipo","17":"first","18":"instock","19":"taxable","20":"shipping-taxable","21":"purchasable","22":"product-type-simple"},"_links":{"self":[{"href":"https:\/\/skyshop.pt\/en\/wp-json\/wp\/v2\/product\/73868","targetHints":{"allow":["GET"]}}],"collection":[{"href":"https:\/\/skyshop.pt\/en\/wp-json\/wp\/v2\/product"}],"about":[{"href":"https:\/\/skyshop.pt\/en\/wp-json\/wp\/v2\/types\/product"}],"replies":[{"embeddable":true,"href":"https:\/\/skyshop.pt\/en\/wp-json\/wp\/v2\/comments?post=73868"}],"version-history":[{"count":1,"href":"https:\/\/skyshop.pt\/en\/wp-json\/wp\/v2\/product\/73868\/revisions"}],"predecessor-version":[{"id":73874,"href":"https:\/\/skyshop.pt\/en\/wp-json\/wp\/v2\/product\/73868\/revisions\/73874"}],"wp:featuredmedia":[{"embeddable":true,"href":"https:\/\/skyshop.pt\/en\/wp-json\/wp\/v2\/media\/73872"}],"wp:attachment":[{"href":"https:\/\/skyshop.pt\/en\/wp-json\/wp\/v2\/media?parent=73868"}],"wp:term":[{"taxonomy":"product_brand","embeddable":true,"href":"https:\/\/skyshop.pt\/en\/wp-json\/wp\/v2\/product_brand?post=73868"},{"taxonomy":"product_cat","embeddable":true,"href":"https:\/\/skyshop.pt\/en\/wp-json\/wp\/v2\/product_cat?post=73868"},{"taxonomy":"product_tag","embeddable":true,"href":"https:\/\/skyshop.pt\/en\/wp-json\/wp\/v2\/product_tag?post=73868"}],"curies":[{"name":"wp","href":"https:\/\/api.w.org\/{rel}","templated":true}]}}