{"id":72161,"date":"2026-01-26T21:27:41","date_gmt":"2026-01-26T21:27:41","guid":{"rendered":"https:\/\/skyshop.pt\/?post_type=product&#038;p=72161"},"modified":"2026-03-18T07:02:27","modified_gmt":"2026-03-18T07:02:27","slug":"magnet-airbus-a310-air-transat-c-gtsw-darkblue-2nd-life","status":"publish","type":"product","link":"https:\/\/skyshop.pt\/en\/product\/magnet-airbus-a310-air-transat-c-gtsw-darkblue-2nd-life\/","title":{"rendered":"Magnet Airbus A310 - Air Transat - C-GTSW - darkblue \/ 2nd life"},"content":{"rendered":"<p>AircraftTag magnets measure 95 mm x 47 mm and adhere to any magnetic surface.<\/p>\n<p>LIFE 2nd edition: the date of the first flight was incorrectly recorded. 1998 instead of 1988. As there are great colour combinations, we are offering a big discount. The correct date is on the back.<\/p>\n<p>Another Airbus A310 as an AircraftTag.<\/p>\n<p>C-GTSW was delivered to TAP Air Portugal in 1988 as CS-TEH. From 2009, it was operated by Air Transat until it was stored in 2019.<\/p>\n<p>Air Transat is a Canadian airline specialising in leisure travel. Fourteen Airbus have joined the Air Transat fleet over the years.<\/p>\n<p>As the Canadian airline was famous for its colourful paintings on the A310, we can offer several variants.<\/p>","protected":false},"excerpt":{"rendered":"<p>Os \u00edm\u00e3s AircraftTag medem 95 mm x 47 mm e aderem a qualquer superf\u00edcie magn\u00e9tica. 2\u00aa edi\u00e7\u00e3o LIFE: a data<\/p>","protected":false},"featured_media":72162,"comment_status":"open","ping_status":"closed","template":"","meta":[],"product_brand":[],"product_cat":[19360,19045,19424,19033,19057,19426,19055,19039,19056],"product_tag":[],"class_list":{"0":"post-72161","1":"product","2":"type-product","3":"status-publish","4":"has-post-thumbnail","6":"product_cat-acesorioss","7":"product_cat-acessorios","8":"product_cat-aircrafttag","9":"product_cat-aviacao-civil","10":"product_cat-categorias","11":"product_cat-imans","12":"product_cat-marcas","13":"product_cat-novidades","14":"product_cat-produtos","16":"first","17":"outofstock","18":"taxable","19":"shipping-taxable","20":"purchasable","21":"product-type-simple"},"_links":{"self":[{"href":"https:\/\/skyshop.pt\/en\/wp-json\/wp\/v2\/product\/72161","targetHints":{"allow":["GET"]}}],"collection":[{"href":"https:\/\/skyshop.pt\/en\/wp-json\/wp\/v2\/product"}],"about":[{"href":"https:\/\/skyshop.pt\/en\/wp-json\/wp\/v2\/types\/product"}],"replies":[{"embeddable":true,"href":"https:\/\/skyshop.pt\/en\/wp-json\/wp\/v2\/comments?post=72161"}],"version-history":[{"count":1,"href":"https:\/\/skyshop.pt\/en\/wp-json\/wp\/v2\/product\/72161\/revisions"}],"predecessor-version":[{"id":72163,"href":"https:\/\/skyshop.pt\/en\/wp-json\/wp\/v2\/product\/72161\/revisions\/72163"}],"wp:featuredmedia":[{"embeddable":true,"href":"https:\/\/skyshop.pt\/en\/wp-json\/wp\/v2\/media\/72162"}],"wp:attachment":[{"href":"https:\/\/skyshop.pt\/en\/wp-json\/wp\/v2\/media?parent=72161"}],"wp:term":[{"taxonomy":"product_brand","embeddable":true,"href":"https:\/\/skyshop.pt\/en\/wp-json\/wp\/v2\/product_brand?post=72161"},{"taxonomy":"product_cat","embeddable":true,"href":"https:\/\/skyshop.pt\/en\/wp-json\/wp\/v2\/product_cat?post=72161"},{"taxonomy":"product_tag","embeddable":true,"href":"https:\/\/skyshop.pt\/en\/wp-json\/wp\/v2\/product_tag?post=72161"}],"curies":[{"name":"wp","href":"https:\/\/api.w.org\/{rel}","templated":true}]}}