{"id":72046,"date":"2026-01-24T18:12:50","date_gmt":"2026-01-24T18:12:50","guid":{"rendered":"https:\/\/skyshop.pt\/?post_type=product&#038;p=72046"},"modified":"2026-01-24T18:12:50","modified_gmt":"2026-01-24T18:12:50","slug":"eurofighter-typhoon-fgr4-zk344-1f-sqn-op-shader-raf-akrotiri-march-2021-with-storm-shadows-cruise-missiles","status":"publish","type":"product","link":"https:\/\/skyshop.pt\/en\/product\/eurofighter-typhoon-fgr4-zk344-1f-sqn-op-shader-raf-akrotiri-march-2021-with-storm-shadows-cruise-missiles\/","title":{"rendered":"Eurofighter Typhoon FGR4 ZK344, 1(F) Sqn, Op SHADER, RAF Akrotiri, March 2021 (with Storm Shadows cruise missiles)"},"content":{"rendered":"<p>Scale - 1:72<br \/>\nPublisher\/Brand Hobbymaster<br \/>\nVersion Cast metal construction with some plastic components. Realistic panel lines, antennas, access panels and surface details. Printed markings and plates that won't fade or peel like decals. Includes stand, aerial and landing gear.<\/p>\n<p>&nbsp;<\/p>\n<p>REF:HA6615<\/p>","protected":false},"excerpt":{"rendered":"<p>Escala &#8211; 1:72 Editora\/Marca Hobbymaster Vers\u00e3o Constru\u00e7\u00e3o em metal fundido com alguns componentes de pl\u00e1stico. Linhas de painel, antenas, pain\u00e9is<\/p>","protected":false},"featured_media":72047,"comment_status":"open","ping_status":"closed","template":"","meta":[],"product_brand":[],"product_cat":[19394,19181,19387,19057,19158,19073,19055,19039],"product_tag":[],"class_list":{"0":"post-72046","1":"product","2":"type-product","3":"status-publish","4":"has-post-thumbnail","6":"product_cat-172-2","7":"product_cat-172-escala-hobby-master","8":"product_cat-aviacao-militar","9":"product_cat-categorias","10":"product_cat-escala-hobby-master","11":"product_cat-hobby-master","12":"product_cat-marcas","13":"product_cat-novidades","15":"first","16":"instock","17":"taxable","18":"shipping-taxable","19":"purchasable","20":"product-type-simple"},"_links":{"self":[{"href":"https:\/\/skyshop.pt\/en\/wp-json\/wp\/v2\/product\/72046","targetHints":{"allow":["GET"]}}],"collection":[{"href":"https:\/\/skyshop.pt\/en\/wp-json\/wp\/v2\/product"}],"about":[{"href":"https:\/\/skyshop.pt\/en\/wp-json\/wp\/v2\/types\/product"}],"replies":[{"embeddable":true,"href":"https:\/\/skyshop.pt\/en\/wp-json\/wp\/v2\/comments?post=72046"}],"version-history":[{"count":1,"href":"https:\/\/skyshop.pt\/en\/wp-json\/wp\/v2\/product\/72046\/revisions"}],"predecessor-version":[{"id":72053,"href":"https:\/\/skyshop.pt\/en\/wp-json\/wp\/v2\/product\/72046\/revisions\/72053"}],"wp:featuredmedia":[{"embeddable":true,"href":"https:\/\/skyshop.pt\/en\/wp-json\/wp\/v2\/media\/72047"}],"wp:attachment":[{"href":"https:\/\/skyshop.pt\/en\/wp-json\/wp\/v2\/media?parent=72046"}],"wp:term":[{"taxonomy":"product_brand","embeddable":true,"href":"https:\/\/skyshop.pt\/en\/wp-json\/wp\/v2\/product_brand?post=72046"},{"taxonomy":"product_cat","embeddable":true,"href":"https:\/\/skyshop.pt\/en\/wp-json\/wp\/v2\/product_cat?post=72046"},{"taxonomy":"product_tag","embeddable":true,"href":"https:\/\/skyshop.pt\/en\/wp-json\/wp\/v2\/product_tag?post=72046"}],"curies":[{"name":"wp","href":"https:\/\/api.w.org\/{rel}","templated":true}]}}