{"id":71856,"date":"2026-01-12T07:41:01","date_gmt":"2026-01-12T07:41:01","guid":{"rendered":"https:\/\/skyshop.pt\/?post_type=product&#038;p=71856"},"modified":"2026-02-21T07:31:17","modified_gmt":"2026-02-21T07:31:17","slug":"spitfire-mk-ixc-ma466-bq-s-no-451-raaf-sqn-corsica-may-1944","status":"publish","type":"product","link":"https:\/\/skyshop.pt\/en\/product\/spitfire-mk-ixc-ma466-bq-s-no-451-raaf-sqn-corsica-may-1944\/","title":{"rendered":"Spitfire Mk.IXc MA466\/BQ-S, No. 451 (RAAF) Sqn., Corsica, May 1944"},"content":{"rendered":"<p>Scale - 1:48<br \/>\nPublisher\/Brand Hobbymaster<br \/>\nApproximate dimensions: 23.4 cm (width) x 19.7 cm (length) x 8 cm (height)<br \/>\nVersion: Die-cast metal construction with some plastic components. Realistic panel lines, aerials, access panels and surface details. Printed markings and plates that won't fade or peel like decals. Includes stand and landing gear.<\/p>\n<p>&nbsp;<\/p>\n<p>REF:HA8328<\/p>","protected":false},"excerpt":{"rendered":"<p>Escala &#8211; 1:48 Editora\/Marca Hobbymaster Dimens\u00f5es aproximadas: 23,4 cm (largura) x 19,7 cm (comprimento) x 8 cm (altura) Vers\u00e3o: Constru\u00e7\u00e3o<\/p>","protected":false},"featured_media":71859,"comment_status":"open","ping_status":"closed","template":"","meta":[],"product_brand":[],"product_cat":[19211,19387,19057,19036,19158,19073,19055,19039,19083],"product_tag":[],"class_list":{"0":"post-71856","1":"product","2":"type-product","3":"status-publish","4":"has-post-thumbnail","6":"product_cat-148-escala-hobby-master","7":"product_cat-aviacao-militar","8":"product_cat-categorias","9":"product_cat-diecast-metal","10":"product_cat-escala-hobby-master","11":"product_cat-hobby-master","12":"product_cat-marcas","13":"product_cat-novidades","14":"product_cat-tipo","16":"first","17":"instock","18":"taxable","19":"shipping-taxable","20":"purchasable","21":"product-type-simple"},"_links":{"self":[{"href":"https:\/\/skyshop.pt\/en\/wp-json\/wp\/v2\/product\/71856","targetHints":{"allow":["GET"]}}],"collection":[{"href":"https:\/\/skyshop.pt\/en\/wp-json\/wp\/v2\/product"}],"about":[{"href":"https:\/\/skyshop.pt\/en\/wp-json\/wp\/v2\/types\/product"}],"replies":[{"embeddable":true,"href":"https:\/\/skyshop.pt\/en\/wp-json\/wp\/v2\/comments?post=71856"}],"version-history":[{"count":1,"href":"https:\/\/skyshop.pt\/en\/wp-json\/wp\/v2\/product\/71856\/revisions"}],"predecessor-version":[{"id":71862,"href":"https:\/\/skyshop.pt\/en\/wp-json\/wp\/v2\/product\/71856\/revisions\/71862"}],"wp:featuredmedia":[{"embeddable":true,"href":"https:\/\/skyshop.pt\/en\/wp-json\/wp\/v2\/media\/71859"}],"wp:attachment":[{"href":"https:\/\/skyshop.pt\/en\/wp-json\/wp\/v2\/media?parent=71856"}],"wp:term":[{"taxonomy":"product_brand","embeddable":true,"href":"https:\/\/skyshop.pt\/en\/wp-json\/wp\/v2\/product_brand?post=71856"},{"taxonomy":"product_cat","embeddable":true,"href":"https:\/\/skyshop.pt\/en\/wp-json\/wp\/v2\/product_cat?post=71856"},{"taxonomy":"product_tag","embeddable":true,"href":"https:\/\/skyshop.pt\/en\/wp-json\/wp\/v2\/product_tag?post=71856"}],"curies":[{"name":"wp","href":"https:\/\/api.w.org\/{rel}","templated":true}]}}