{"id":70820,"date":"2025-12-16T07:30:35","date_gmt":"2025-12-16T07:30:35","guid":{"rendered":"https:\/\/skyshop.pt\/?post_type=product&#038;p=70820"},"modified":"2025-12-16T07:30:35","modified_gmt":"2025-12-16T07:30:35","slug":"a10c-thunderbolt-ii-warthog-usaf-maryland-farewell-79-0104-104-fs-maryland-ang-sept-2025","status":"publish","type":"product","link":"https:\/\/skyshop.pt\/en\/product\/a10c-thunderbolt-ii-warthog-usaf-maryland-farewell-79-0104-104-fs-maryland-ang-sept-2025\/","title":{"rendered":"A10C Thunderbolt II Warthog USAF, \"Maryland Farewell\" 79-0104, 104 FS, Maryland ANG, Sept 2025"},"content":{"rendered":"<p>Scale - 1:72<br \/>\nPublisher\/Brand: Hobbymaster<br \/>\nApproximate dimensions: 24.3 cm (width) x 22.6 cm (length) x 6.2 cm (height)<br \/>\nVersion: Die-cast metal construction with some plastic components. Realistic panel lines, aerials, access panels and surface details. Printed markings and plates that won't fade or peel like decals. Includes stand and landing gear.<\/p>\n<p>Availability: Not yet in stock. Future release. Can now be ordered and paid for. No dates available. The launch could take place next week, next month or even next year(s). Release dates vary and are beyond our knowledge or control. When it is available, it will be sent immediately or you will be notified to pick it up, depending on your choice at the time of purchase.<\/p>\n<p>&nbsp;<\/p>\n<p>REF:HA1343<\/p>","protected":false},"excerpt":{"rendered":"<p>Escala &#8211; \u00a01:72 Editora\/Marca: Hobbymaster Dimens\u00f5es aproximadas: 24,3 cm (largura) x 22,6 cm (comprimento) x 6,2 cm (altura) Vers\u00e3o: Constru\u00e7\u00e3o<\/p>","protected":false},"featured_media":70821,"comment_status":"open","ping_status":"closed","template":"","meta":[],"product_brand":[],"product_cat":[19181,19394,19387,19057,19036,19158,19073,19055,19039,19034,19083],"product_tag":[],"class_list":{"0":"post-70820","1":"product","2":"type-product","3":"status-publish","4":"has-post-thumbnail","6":"product_cat-172-escala-hobby-master","7":"product_cat-172-2","8":"product_cat-aviacao-militar","9":"product_cat-categorias","10":"product_cat-diecast-metal","11":"product_cat-escala-hobby-master","12":"product_cat-hobby-master","13":"product_cat-marcas","14":"product_cat-novidades","15":"product_cat-pre-order","16":"product_cat-tipo","18":"first","19":"instock","20":"taxable","21":"shipping-taxable","22":"purchasable","23":"product-type-simple"},"_links":{"self":[{"href":"https:\/\/skyshop.pt\/en\/wp-json\/wp\/v2\/product\/70820","targetHints":{"allow":["GET"]}}],"collection":[{"href":"https:\/\/skyshop.pt\/en\/wp-json\/wp\/v2\/product"}],"about":[{"href":"https:\/\/skyshop.pt\/en\/wp-json\/wp\/v2\/types\/product"}],"replies":[{"embeddable":true,"href":"https:\/\/skyshop.pt\/en\/wp-json\/wp\/v2\/comments?post=70820"}],"version-history":[{"count":1,"href":"https:\/\/skyshop.pt\/en\/wp-json\/wp\/v2\/product\/70820\/revisions"}],"predecessor-version":[{"id":70822,"href":"https:\/\/skyshop.pt\/en\/wp-json\/wp\/v2\/product\/70820\/revisions\/70822"}],"wp:featuredmedia":[{"embeddable":true,"href":"https:\/\/skyshop.pt\/en\/wp-json\/wp\/v2\/media\/70821"}],"wp:attachment":[{"href":"https:\/\/skyshop.pt\/en\/wp-json\/wp\/v2\/media?parent=70820"}],"wp:term":[{"taxonomy":"product_brand","embeddable":true,"href":"https:\/\/skyshop.pt\/en\/wp-json\/wp\/v2\/product_brand?post=70820"},{"taxonomy":"product_cat","embeddable":true,"href":"https:\/\/skyshop.pt\/en\/wp-json\/wp\/v2\/product_cat?post=70820"},{"taxonomy":"product_tag","embeddable":true,"href":"https:\/\/skyshop.pt\/en\/wp-json\/wp\/v2\/product_tag?post=70820"}],"curies":[{"name":"wp","href":"https:\/\/api.w.org\/{rel}","templated":true}]}}