{"id":70812,"date":"2025-12-16T06:46:10","date_gmt":"2025-12-16T06:46:10","guid":{"rendered":"https:\/\/skyshop.pt\/?post_type=product&#038;p=70812"},"modified":"2025-12-16T06:46:11","modified_gmt":"2025-12-16T06:46:11","slug":"a6m2b-zero-fighter-261st-ag-tiger-corps-kagoshima-base-feb-1944","status":"publish","type":"product","link":"https:\/\/skyshop.pt\/en\/product\/a6m2b-zero-fighter-261st-ag-tiger-corps-kagoshima-base-feb-1944\/","title":{"rendered":"A6M2b Zero Fighter 261st AG (Tiger Corps), Kagoshima Base, Feb 1944"},"content":{"rendered":"<p>Scale - 1:48<br \/>\nPublisher\/Brand: Hobbymaster<br \/>\nApproximate dimensions: 22.9 cm (width) x 18.9 cm (length) x 5.8 cm (height)<br \/>\nVersion: Die-cast metal construction with some plastic components. Realistic panel lines, aerials, access panels and surface details. Printed markings and plates that won't fade or peel like decals. Includes stand and landing gear.<\/p>\n<p>Availability: Not yet in stock. Future release. Can now be ordered and paid for. No dates available. The launch could take place next week, next month or even next year(s). Release dates vary and are beyond our knowledge or control. When it is available, it will be sent immediately or you will be notified to pick it up, depending on your choice at the time of purchase.<\/p>\n<p>REF:HA8815<\/p>","protected":false},"excerpt":{"rendered":"<p>Escala \u00a0&#8211; 1:48 Editora\/Marca: Hobbymaster Dimens\u00f5es aproximadas: 22,9 cm (largura) x 18,9 cm (comprimento) x 5,8 cm (altura) Vers\u00e3o: Constru\u00e7\u00e3o<\/p>","protected":false},"featured_media":70813,"comment_status":"open","ping_status":"closed","template":"","meta":[],"product_brand":[],"product_cat":[19211,19387,19057,19036,19158,19073,19055,19039,19034,19083],"product_tag":[],"class_list":{"0":"post-70812","1":"product","2":"type-product","3":"status-publish","4":"has-post-thumbnail","6":"product_cat-148-escala-hobby-master","7":"product_cat-aviacao-militar","8":"product_cat-categorias","9":"product_cat-diecast-metal","10":"product_cat-escala-hobby-master","11":"product_cat-hobby-master","12":"product_cat-marcas","13":"product_cat-novidades","14":"product_cat-pre-order","15":"product_cat-tipo","17":"first","18":"instock","19":"taxable","20":"shipping-taxable","21":"purchasable","22":"product-type-simple"},"_links":{"self":[{"href":"https:\/\/skyshop.pt\/en\/wp-json\/wp\/v2\/product\/70812","targetHints":{"allow":["GET"]}}],"collection":[{"href":"https:\/\/skyshop.pt\/en\/wp-json\/wp\/v2\/product"}],"about":[{"href":"https:\/\/skyshop.pt\/en\/wp-json\/wp\/v2\/types\/product"}],"replies":[{"embeddable":true,"href":"https:\/\/skyshop.pt\/en\/wp-json\/wp\/v2\/comments?post=70812"}],"version-history":[{"count":1,"href":"https:\/\/skyshop.pt\/en\/wp-json\/wp\/v2\/product\/70812\/revisions"}],"predecessor-version":[{"id":70814,"href":"https:\/\/skyshop.pt\/en\/wp-json\/wp\/v2\/product\/70812\/revisions\/70814"}],"wp:featuredmedia":[{"embeddable":true,"href":"https:\/\/skyshop.pt\/en\/wp-json\/wp\/v2\/media\/70813"}],"wp:attachment":[{"href":"https:\/\/skyshop.pt\/en\/wp-json\/wp\/v2\/media?parent=70812"}],"wp:term":[{"taxonomy":"product_brand","embeddable":true,"href":"https:\/\/skyshop.pt\/en\/wp-json\/wp\/v2\/product_brand?post=70812"},{"taxonomy":"product_cat","embeddable":true,"href":"https:\/\/skyshop.pt\/en\/wp-json\/wp\/v2\/product_cat?post=70812"},{"taxonomy":"product_tag","embeddable":true,"href":"https:\/\/skyshop.pt\/en\/wp-json\/wp\/v2\/product_tag?post=70812"}],"curies":[{"name":"wp","href":"https:\/\/api.w.org\/{rel}","templated":true}]}}