{"id":69863,"date":"2025-11-10T23:21:40","date_gmt":"2025-11-10T23:21:40","guid":{"rendered":"https:\/\/skyshop.pt\/?post_type=product&#038;p=69863"},"modified":"2025-12-08T15:10:57","modified_gmt":"2025-12-08T15:10:57","slug":"messerschmitt-bf109e-3-luftwaffe-ufz-horst-perez-white-4-4-jg-26-sept-1940","status":"publish","type":"product","link":"https:\/\/skyshop.pt\/en\/product\/messerschmitt-bf109e-3-luftwaffe-ufz-horst-perez-white-4-4-jg-26-sept-1940\/","title":{"rendered":"Messerschmitt Bf109E-3 Luftwaffe, \"Ufz. Horst Perez\" white 4, 4\/JG 26, Sept 1940"},"content":{"rendered":"<p>Scale: 1:48<br \/>\nPublisher\/Brand: Hobbymaster<br \/>\nApproximate dimensions: 20.6 cm (width) x 18 cm (length) x 5.2 cm (height)<br \/>\nVersion: Die-cast metal construction with some plastic components. Realistic panel lines, aerials, access panels and surface details. Printed markings and plates that won't fade or peel like decals. Includes stand, aerial and landing gear.<\/p>\n<p>&nbsp;<\/p>\n<p>REF:HA8730<\/p>","protected":false},"excerpt":{"rendered":"<p>Escala: 1:48 Editora\/Marca: Hobbymaster Dimens\u00f5es aproximadas: 20,6 cm (largura) x 18 cm (comprimento) x 5,2 cm (altura) Vers\u00e3o: Constru\u00e7\u00e3o em<\/p>","protected":false},"featured_media":69864,"comment_status":"open","ping_status":"closed","template":"","meta":[],"product_brand":[],"product_cat":[19211,19387,19057,19036,19158,19073,19055,19039,19083],"product_tag":[],"class_list":{"0":"post-69863","1":"product","2":"type-product","3":"status-publish","4":"has-post-thumbnail","6":"product_cat-148-escala-hobby-master","7":"product_cat-aviacao-militar","8":"product_cat-categorias","9":"product_cat-diecast-metal","10":"product_cat-escala-hobby-master","11":"product_cat-hobby-master","12":"product_cat-marcas","13":"product_cat-novidades","14":"product_cat-tipo","16":"first","17":"outofstock","18":"taxable","19":"shipping-taxable","20":"purchasable","21":"product-type-simple"},"_links":{"self":[{"href":"https:\/\/skyshop.pt\/en\/wp-json\/wp\/v2\/product\/69863","targetHints":{"allow":["GET"]}}],"collection":[{"href":"https:\/\/skyshop.pt\/en\/wp-json\/wp\/v2\/product"}],"about":[{"href":"https:\/\/skyshop.pt\/en\/wp-json\/wp\/v2\/types\/product"}],"replies":[{"embeddable":true,"href":"https:\/\/skyshop.pt\/en\/wp-json\/wp\/v2\/comments?post=69863"}],"version-history":[{"count":1,"href":"https:\/\/skyshop.pt\/en\/wp-json\/wp\/v2\/product\/69863\/revisions"}],"predecessor-version":[{"id":69865,"href":"https:\/\/skyshop.pt\/en\/wp-json\/wp\/v2\/product\/69863\/revisions\/69865"}],"wp:featuredmedia":[{"embeddable":true,"href":"https:\/\/skyshop.pt\/en\/wp-json\/wp\/v2\/media\/69864"}],"wp:attachment":[{"href":"https:\/\/skyshop.pt\/en\/wp-json\/wp\/v2\/media?parent=69863"}],"wp:term":[{"taxonomy":"product_brand","embeddable":true,"href":"https:\/\/skyshop.pt\/en\/wp-json\/wp\/v2\/product_brand?post=69863"},{"taxonomy":"product_cat","embeddable":true,"href":"https:\/\/skyshop.pt\/en\/wp-json\/wp\/v2\/product_cat?post=69863"},{"taxonomy":"product_tag","embeddable":true,"href":"https:\/\/skyshop.pt\/en\/wp-json\/wp\/v2\/product_tag?post=69863"}],"curies":[{"name":"wp","href":"https:\/\/api.w.org\/{rel}","templated":true}]}}