{"id":68924,"date":"2025-10-04T11:06:42","date_gmt":"2025-10-04T11:06:42","guid":{"rendered":"https:\/\/skyshop.pt\/?post_type=product&#038;p=68924"},"modified":"2025-12-12T23:44:55","modified_gmt":"2025-12-12T23:44:55","slug":"tap-air-portugal-airbus-a321-neo-retrojet-cs-tjr","status":"publish","type":"product","link":"https:\/\/skyshop.pt\/en\/product\/tap-air-portugal-airbus-a321-neo-retrojet-cs-tjr\/","title":{"rendered":"Tap Air Portugal - Airbus A321 Neo Retrojet -CS-TJR"},"content":{"rendered":"<p>Scale:1:200<\/p>\n<p>Material: Diecast Metal<\/p>\n<p>Licence plate: CS-TJR - 75 years old<\/p>\n<p>&nbsp;<\/p>\n<p>Information - Model Limited to stock<\/p>","protected":false},"excerpt":{"rendered":"<p>Escala:1:200 Material: Diecast Metal Matr\u00edcula: CS-TJR &#8211; 75 Anos &nbsp; Informa\u00e7\u00e3o &#8211; Modelo Limitado ao stock<\/p>","protected":false},"featured_media":68925,"comment_status":"open","ping_status":"closed","template":"","meta":[],"product_brand":[],"product_cat":[19219,19067,19033,19057,19065,19036,19064,19055,19039,19358,19040,19084,19083],"product_tag":[],"class_list":{"0":"post-68924","1":"product","2":"type-product","3":"status-publish","4":"has-post-thumbnail","6":"product_cat-1200-3","7":"product_cat-19067","8":"product_cat-aviacao-civil","9":"product_cat-categorias","10":"product_cat-diecast","11":"product_cat-diecast-metal","12":"product_cat-escala-tap","13":"product_cat-marcas","14":"product_cat-novidades","15":"product_cat-produto-exclusivo-skyshop","16":"product_cat-tap","17":"product_cat-tipo-tap","18":"product_cat-tipo","20":"first","21":"instock","22":"taxable","23":"shipping-taxable","24":"purchasable","25":"product-type-simple"},"_links":{"self":[{"href":"https:\/\/skyshop.pt\/en\/wp-json\/wp\/v2\/product\/68924","targetHints":{"allow":["GET"]}}],"collection":[{"href":"https:\/\/skyshop.pt\/en\/wp-json\/wp\/v2\/product"}],"about":[{"href":"https:\/\/skyshop.pt\/en\/wp-json\/wp\/v2\/types\/product"}],"replies":[{"embeddable":true,"href":"https:\/\/skyshop.pt\/en\/wp-json\/wp\/v2\/comments?post=68924"}],"version-history":[{"count":1,"href":"https:\/\/skyshop.pt\/en\/wp-json\/wp\/v2\/product\/68924\/revisions"}],"predecessor-version":[{"id":68926,"href":"https:\/\/skyshop.pt\/en\/wp-json\/wp\/v2\/product\/68924\/revisions\/68926"}],"wp:featuredmedia":[{"embeddable":true,"href":"https:\/\/skyshop.pt\/en\/wp-json\/wp\/v2\/media\/68925"}],"wp:attachment":[{"href":"https:\/\/skyshop.pt\/en\/wp-json\/wp\/v2\/media?parent=68924"}],"wp:term":[{"taxonomy":"product_brand","embeddable":true,"href":"https:\/\/skyshop.pt\/en\/wp-json\/wp\/v2\/product_brand?post=68924"},{"taxonomy":"product_cat","embeddable":true,"href":"https:\/\/skyshop.pt\/en\/wp-json\/wp\/v2\/product_cat?post=68924"},{"taxonomy":"product_tag","embeddable":true,"href":"https:\/\/skyshop.pt\/en\/wp-json\/wp\/v2\/product_tag?post=68924"}],"curies":[{"name":"wp","href":"https:\/\/api.w.org\/{rel}","templated":true}]}}