{"id":68466,"date":"2025-09-25T22:04:56","date_gmt":"2025-09-25T22:04:56","guid":{"rendered":"https:\/\/skyshop.pt\/?post_type=product&#038;p=68466"},"modified":"2026-04-10T15:00:42","modified_gmt":"2026-04-10T15:00:42","slug":"tap-air-portugal-lockheed-l-1011-cs-tea","status":"publish","type":"product","link":"https:\/\/skyshop.pt\/en\/product\/tap-air-portugal-lockheed-l-1011-cs-tea\/","title":{"rendered":"TAP AIR PORTUGAL - LOCKHEED L-1011 CS-TEA"},"content":{"rendered":"<p>Scale - 1:200<\/p>\n<p>Brand - Tap Air Portugal<\/p>\n<p>Diecast Metal<\/p>\n<p>Price - NOW AVAILABLE WITH IMMEDIATE DELIVERY<\/p>\n<p>REF: TAPL1011TEA200<\/p>","protected":false},"excerpt":{"rendered":"<p>Escala \u2013 1:200 Marca \u2013 Tap Air Portugal Diecast Metal Pre\u00e7o &#8211; J\u00e1 Dispon\u00edvel COM ENTREGA IMEDIATA REF: TAPL1011TEA200<\/p>","protected":false},"featured_media":68806,"comment_status":"open","ping_status":"closed","template":"","meta":[],"product_brand":[],"product_cat":[19219,19067,19033,19057,19065,19036,19064,19055,19039,19358,19040,19083,19084],"product_tag":[],"class_list":{"0":"post-68466","1":"product","2":"type-product","3":"status-publish","4":"has-post-thumbnail","6":"product_cat-1200-3","7":"product_cat-19067","8":"product_cat-aviacao-civil","9":"product_cat-categorias","10":"product_cat-diecast","11":"product_cat-diecast-metal","12":"product_cat-escala-tap","13":"product_cat-marcas","14":"product_cat-novidades","15":"product_cat-produto-exclusivo-skyshop","16":"product_cat-tap","17":"product_cat-tipo","18":"product_cat-tipo-tap","20":"first","21":"outofstock","22":"taxable","23":"shipping-taxable","24":"purchasable","25":"product-type-simple"},"_links":{"self":[{"href":"https:\/\/skyshop.pt\/en\/wp-json\/wp\/v2\/product\/68466","targetHints":{"allow":["GET"]}}],"collection":[{"href":"https:\/\/skyshop.pt\/en\/wp-json\/wp\/v2\/product"}],"about":[{"href":"https:\/\/skyshop.pt\/en\/wp-json\/wp\/v2\/types\/product"}],"replies":[{"embeddable":true,"href":"https:\/\/skyshop.pt\/en\/wp-json\/wp\/v2\/comments?post=68466"}],"version-history":[{"count":1,"href":"https:\/\/skyshop.pt\/en\/wp-json\/wp\/v2\/product\/68466\/revisions"}],"predecessor-version":[{"id":68467,"href":"https:\/\/skyshop.pt\/en\/wp-json\/wp\/v2\/product\/68466\/revisions\/68467"}],"wp:featuredmedia":[{"embeddable":true,"href":"https:\/\/skyshop.pt\/en\/wp-json\/wp\/v2\/media\/68806"}],"wp:attachment":[{"href":"https:\/\/skyshop.pt\/en\/wp-json\/wp\/v2\/media?parent=68466"}],"wp:term":[{"taxonomy":"product_brand","embeddable":true,"href":"https:\/\/skyshop.pt\/en\/wp-json\/wp\/v2\/product_brand?post=68466"},{"taxonomy":"product_cat","embeddable":true,"href":"https:\/\/skyshop.pt\/en\/wp-json\/wp\/v2\/product_cat?post=68466"},{"taxonomy":"product_tag","embeddable":true,"href":"https:\/\/skyshop.pt\/en\/wp-json\/wp\/v2\/product_tag?post=68466"}],"curies":[{"name":"wp","href":"https:\/\/api.w.org\/{rel}","templated":true}]}}