{"id":68106,"date":"2025-09-14T12:29:13","date_gmt":"2025-09-14T12:29:13","guid":{"rendered":"https:\/\/skyshop.pt\/?post_type=product&#038;p=68106"},"modified":"2025-10-16T12:48:53","modified_gmt":"2025-10-16T12:48:53","slug":"air-congo-dc-8-30-9q-cle","status":"publish","type":"product","link":"https:\/\/skyshop.pt\/en\/product\/air-congo-dc-8-30-9q-cle\/","title":{"rendered":"Air Congo DC-8-30 9Q-CLE"},"content":{"rendered":"<p>Brand: AEROCLASSICS<br \/>\nScale:1:400<\/p>\n<p>Material: Metal<\/p>\n<p>PRICE:Subject to confirmation<\/p>\n<p>REF:AC411285<\/p>","protected":false},"excerpt":{"rendered":"<p>Marca: AEROCLASSICS Escala:1:400 Material: Metal PRE\u00c7O:Sujeito a confirma\u00e7\u00e3o REF:AC411285<\/p>","protected":false},"featured_media":68107,"comment_status":"open","ping_status":"closed","template":"","meta":[],"product_brand":[],"product_cat":[19155,19220,19115,19033,19057,19036,19153,19055,19039,19034,19083],"product_tag":[],"class_list":{"0":"post-68106","1":"product","2":"type-product","3":"status-publish","4":"has-post-thumbnail","6":"product_cat-1400-escala-aero-classics","7":"product_cat-1400-4","8":"product_cat-aero-classics","9":"product_cat-aviacao-civil","10":"product_cat-categorias","11":"product_cat-diecast-metal","12":"product_cat-escala-aero-classics","13":"product_cat-marcas","14":"product_cat-novidades","15":"product_cat-pre-order","16":"product_cat-tipo","18":"first","19":"onbackorder","20":"taxable","21":"shipping-taxable","22":"purchasable","23":"product-type-simple"},"_links":{"self":[{"href":"https:\/\/skyshop.pt\/en\/wp-json\/wp\/v2\/product\/68106","targetHints":{"allow":["GET"]}}],"collection":[{"href":"https:\/\/skyshop.pt\/en\/wp-json\/wp\/v2\/product"}],"about":[{"href":"https:\/\/skyshop.pt\/en\/wp-json\/wp\/v2\/types\/product"}],"replies":[{"embeddable":true,"href":"https:\/\/skyshop.pt\/en\/wp-json\/wp\/v2\/comments?post=68106"}],"version-history":[{"count":1,"href":"https:\/\/skyshop.pt\/en\/wp-json\/wp\/v2\/product\/68106\/revisions"}],"predecessor-version":[{"id":68108,"href":"https:\/\/skyshop.pt\/en\/wp-json\/wp\/v2\/product\/68106\/revisions\/68108"}],"wp:featuredmedia":[{"embeddable":true,"href":"https:\/\/skyshop.pt\/en\/wp-json\/wp\/v2\/media\/68107"}],"wp:attachment":[{"href":"https:\/\/skyshop.pt\/en\/wp-json\/wp\/v2\/media?parent=68106"}],"wp:term":[{"taxonomy":"product_brand","embeddable":true,"href":"https:\/\/skyshop.pt\/en\/wp-json\/wp\/v2\/product_brand?post=68106"},{"taxonomy":"product_cat","embeddable":true,"href":"https:\/\/skyshop.pt\/en\/wp-json\/wp\/v2\/product_cat?post=68106"},{"taxonomy":"product_tag","embeddable":true,"href":"https:\/\/skyshop.pt\/en\/wp-json\/wp\/v2\/product_tag?post=68106"}],"curies":[{"name":"wp","href":"https:\/\/api.w.org\/{rel}","templated":true}]}}