{"id":66637,"date":"2025-08-12T07:25:02","date_gmt":"2025-08-12T07:25:02","guid":{"rendered":"https:\/\/skyshop.pt\/?post_type=product&#038;p=66637"},"modified":"2025-08-12T07:25:03","modified_gmt":"2025-08-12T07:25:03","slug":"grumman-f8f-2-bearcats-121717-vf-61-jolly-rogers-1949","status":"publish","type":"product","link":"https:\/\/skyshop.pt\/en\/product\/grumman-f8f-2-bearcats-121717-vf-61-jolly-rogers-1949\/","title":{"rendered":"Grumman F8F-2 \"Bearcats\" 121717, VF-61 \"Jolly Rogers\", 1949"},"content":{"rendered":"<p>Scale 1: 72<\/p>\n<p>Publisher\/Brand SkyMax Models<\/p>\n<p>Format approx. W 14.8 x D 12 x H 5.9 cm<\/p>\n<p>Version: Die-cast metal construction with some plastic components. Realistic panel lines, aerials, access panels and surface details. Block-printed markings and plates that won't fade or peel like decals, with stand, with landing gear.<\/p>\n<p>Category: Scale models<\/p>\n<p>Sub-category 1: 72 Scale Aircraft \" 1:72 Skymax<\/p>\n<p>Availability: No STOCK (yet). Future release. Can now be ordered and paid for. When it is available, it will be sent immediately or you will be notified to collect it, depending on your choice at the time of purchase.<\/p>","protected":false},"excerpt":{"rendered":"<p>Escala 1: 72 Editora\/Marca SkyMax Models Formato aprox. L 14,8 x C 12 x A 5,9 cm Vers\u00e3o: Constru\u00e7\u00e3o em<\/p>","protected":false},"featured_media":66638,"comment_status":"open","ping_status":"closed","template":"","meta":[],"product_brand":[],"product_cat":[19181,19057,19036,19158,19073,19039,19034,19083],"product_tag":[],"class_list":{"0":"post-66637","1":"product","2":"type-product","3":"status-publish","4":"has-post-thumbnail","6":"product_cat-172-escala-hobby-master","7":"product_cat-categorias","8":"product_cat-diecast-metal","9":"product_cat-escala-hobby-master","10":"product_cat-hobby-master","11":"product_cat-novidades","12":"product_cat-pre-order","13":"product_cat-tipo","15":"first","16":"instock","17":"taxable","18":"shipping-taxable","19":"purchasable","20":"product-type-simple"},"_links":{"self":[{"href":"https:\/\/skyshop.pt\/en\/wp-json\/wp\/v2\/product\/66637","targetHints":{"allow":["GET"]}}],"collection":[{"href":"https:\/\/skyshop.pt\/en\/wp-json\/wp\/v2\/product"}],"about":[{"href":"https:\/\/skyshop.pt\/en\/wp-json\/wp\/v2\/types\/product"}],"replies":[{"embeddable":true,"href":"https:\/\/skyshop.pt\/en\/wp-json\/wp\/v2\/comments?post=66637"}],"version-history":[{"count":1,"href":"https:\/\/skyshop.pt\/en\/wp-json\/wp\/v2\/product\/66637\/revisions"}],"predecessor-version":[{"id":66639,"href":"https:\/\/skyshop.pt\/en\/wp-json\/wp\/v2\/product\/66637\/revisions\/66639"}],"wp:featuredmedia":[{"embeddable":true,"href":"https:\/\/skyshop.pt\/en\/wp-json\/wp\/v2\/media\/66638"}],"wp:attachment":[{"href":"https:\/\/skyshop.pt\/en\/wp-json\/wp\/v2\/media?parent=66637"}],"wp:term":[{"taxonomy":"product_brand","embeddable":true,"href":"https:\/\/skyshop.pt\/en\/wp-json\/wp\/v2\/product_brand?post=66637"},{"taxonomy":"product_cat","embeddable":true,"href":"https:\/\/skyshop.pt\/en\/wp-json\/wp\/v2\/product_cat?post=66637"},{"taxonomy":"product_tag","embeddable":true,"href":"https:\/\/skyshop.pt\/en\/wp-json\/wp\/v2\/product_tag?post=66637"}],"curies":[{"name":"wp","href":"https:\/\/api.w.org\/{rel}","templated":true}]}}