{"id":66600,"date":"2025-08-11T11:47:25","date_gmt":"2025-08-11T11:47:25","guid":{"rendered":"https:\/\/skyshop.pt\/?post_type=product&#038;p=66600"},"modified":"2026-03-04T15:54:23","modified_gmt":"2026-03-04T15:54:23","slug":"e-a-18g-growler-us-navy-168256-vaq-139-cougars-usn-2025","status":"publish","type":"product","link":"https:\/\/skyshop.pt\/en\/product\/e-a-18g-growler-us-navy-168256-vaq-139-cougars-usn-2025\/","title":{"rendered":"E\/A-18G Growler US Navy 168256, VAQ-139 \"Cougars\", USN, 2025"},"content":{"rendered":"<p>Scale 1: 72<\/p>\n<p>Publisher\/Brand Hobbymaster<\/p>\n<p>Format approx. W 18.9 x D 25.4 x H 6.8 cm<\/p>\n<p>Version: Die-cast metal construction with some plastic components. Realistic panel lines, aerials, access panels and surface details. Block-printed markings and plates that won't fade or peel off like decals, with stand, with landing gear<\/p>\n<p>REF:HA5160<\/p>","protected":false},"excerpt":{"rendered":"<p>Escala 1: 72 Editora\/Marca Hobbymaster Formato aprox. L 18,9 x C 25,4 x A 6,8 cm Vers\u00e3o: Constru\u00e7\u00e3o em metal<\/p>","protected":false},"featured_media":73343,"comment_status":"open","ping_status":"closed","template":"","meta":[],"product_brand":[],"product_cat":[19181,19057,19036,19158,19073,19039,19083],"product_tag":[],"class_list":{"0":"post-66600","1":"product","2":"type-product","3":"status-publish","4":"has-post-thumbnail","6":"product_cat-172-escala-hobby-master","7":"product_cat-categorias","8":"product_cat-diecast-metal","9":"product_cat-escala-hobby-master","10":"product_cat-hobby-master","11":"product_cat-novidades","12":"product_cat-tipo","14":"first","15":"instock","16":"taxable","17":"shipping-taxable","18":"purchasable","19":"product-type-simple"},"_links":{"self":[{"href":"https:\/\/skyshop.pt\/en\/wp-json\/wp\/v2\/product\/66600","targetHints":{"allow":["GET"]}}],"collection":[{"href":"https:\/\/skyshop.pt\/en\/wp-json\/wp\/v2\/product"}],"about":[{"href":"https:\/\/skyshop.pt\/en\/wp-json\/wp\/v2\/types\/product"}],"replies":[{"embeddable":true,"href":"https:\/\/skyshop.pt\/en\/wp-json\/wp\/v2\/comments?post=66600"}],"version-history":[{"count":2,"href":"https:\/\/skyshop.pt\/en\/wp-json\/wp\/v2\/product\/66600\/revisions"}],"predecessor-version":[{"id":73344,"href":"https:\/\/skyshop.pt\/en\/wp-json\/wp\/v2\/product\/66600\/revisions\/73344"}],"wp:featuredmedia":[{"embeddable":true,"href":"https:\/\/skyshop.pt\/en\/wp-json\/wp\/v2\/media\/73343"}],"wp:attachment":[{"href":"https:\/\/skyshop.pt\/en\/wp-json\/wp\/v2\/media?parent=66600"}],"wp:term":[{"taxonomy":"product_brand","embeddable":true,"href":"https:\/\/skyshop.pt\/en\/wp-json\/wp\/v2\/product_brand?post=66600"},{"taxonomy":"product_cat","embeddable":true,"href":"https:\/\/skyshop.pt\/en\/wp-json\/wp\/v2\/product_cat?post=66600"},{"taxonomy":"product_tag","embeddable":true,"href":"https:\/\/skyshop.pt\/en\/wp-json\/wp\/v2\/product_tag?post=66600"}],"curies":[{"name":"wp","href":"https:\/\/api.w.org\/{rel}","templated":true}]}}