{"id":66597,"date":"2025-08-11T11:27:45","date_gmt":"2025-08-11T11:27:45","guid":{"rendered":"https:\/\/skyshop.pt\/?post_type=product&#038;p=66597"},"modified":"2025-08-11T11:27:46","modified_gmt":"2025-08-11T11:27:46","slug":"f35i-lightning-ii-adir-268-tayeset-119-bat-squadron-iaf-fictitious-scheme","status":"publish","type":"product","link":"https:\/\/skyshop.pt\/en\/product\/f35i-lightning-ii-adir-268-tayeset-119-bat-squadron-iaf-fictitious-scheme\/","title":{"rendered":"F35I Lightning II \"Adir\" 268, Tayeset 119 \"Bat Squadron\", IAF (fictitious scheme)"},"content":{"rendered":"<p>Scale 1: 72<\/p>\n<p>Publisher\/Brand Hobbymaster<\/p>\n<p>Format approx. W 13.9 x D 21.4 x H 7.3 cm<\/p>\n<p>Version: Die-cast metal construction with some plastic components. Realistic panel lines, aerials, access panels and surface details. Block-printed markings and plates that won't fade or peel off like decals, with stand, with landing gear<\/p>\n<p>Category: Scale Aircraft Models<\/p>\n<p>Sub-category 1: 72 Scale Aircraft Models \" 1:72 Hobby Master<\/p>\n<p>Availability: No STOCK (yet). Future release. Can now be ordered and paid for. When it is available, it will be sent immediately or you will be notified to collect it, depending on your choice at the time of purchase.<\/p>","protected":false},"excerpt":{"rendered":"<p>Escala 1: 72 Editora\/Marca Hobbymaster Formato aprox. L 13,9 x C 21,4 x A 7,3 cm Vers\u00e3o: Constru\u00e7\u00e3o em metal<\/p>","protected":false},"featured_media":66598,"comment_status":"open","ping_status":"closed","template":"","meta":[],"product_brand":[],"product_cat":[19181,19057,19036,19158,19073,19039,19034,19083],"product_tag":[],"class_list":{"0":"post-66597","1":"product","2":"type-product","3":"status-publish","4":"has-post-thumbnail","6":"product_cat-172-escala-hobby-master","7":"product_cat-categorias","8":"product_cat-diecast-metal","9":"product_cat-escala-hobby-master","10":"product_cat-hobby-master","11":"product_cat-novidades","12":"product_cat-pre-order","13":"product_cat-tipo","15":"first","16":"instock","17":"taxable","18":"shipping-taxable","19":"purchasable","20":"product-type-simple"},"_links":{"self":[{"href":"https:\/\/skyshop.pt\/en\/wp-json\/wp\/v2\/product\/66597","targetHints":{"allow":["GET"]}}],"collection":[{"href":"https:\/\/skyshop.pt\/en\/wp-json\/wp\/v2\/product"}],"about":[{"href":"https:\/\/skyshop.pt\/en\/wp-json\/wp\/v2\/types\/product"}],"replies":[{"embeddable":true,"href":"https:\/\/skyshop.pt\/en\/wp-json\/wp\/v2\/comments?post=66597"}],"version-history":[{"count":1,"href":"https:\/\/skyshop.pt\/en\/wp-json\/wp\/v2\/product\/66597\/revisions"}],"predecessor-version":[{"id":66599,"href":"https:\/\/skyshop.pt\/en\/wp-json\/wp\/v2\/product\/66597\/revisions\/66599"}],"wp:featuredmedia":[{"embeddable":true,"href":"https:\/\/skyshop.pt\/en\/wp-json\/wp\/v2\/media\/66598"}],"wp:attachment":[{"href":"https:\/\/skyshop.pt\/en\/wp-json\/wp\/v2\/media?parent=66597"}],"wp:term":[{"taxonomy":"product_brand","embeddable":true,"href":"https:\/\/skyshop.pt\/en\/wp-json\/wp\/v2\/product_brand?post=66597"},{"taxonomy":"product_cat","embeddable":true,"href":"https:\/\/skyshop.pt\/en\/wp-json\/wp\/v2\/product_cat?post=66597"},{"taxonomy":"product_tag","embeddable":true,"href":"https:\/\/skyshop.pt\/en\/wp-json\/wp\/v2\/product_tag?post=66597"}],"curies":[{"name":"wp","href":"https:\/\/api.w.org\/{rel}","templated":true}]}}