{"id":62135,"date":"2020-12-03T17:34:47","date_gmt":"2020-12-03T17:34:47","guid":{"rendered":"https:\/\/sky.sellrocket.io\/produto\/airbus-a330900neo-garuda-indonesia-pkghe-herpa-wings-613132\/"},"modified":"2025-11-28T07:21:45","modified_gmt":"2025-11-28T07:21:45","slug":"airbus-a330900neo-garuda-indonesia-pkghe-herpa-wings-613132","status":"publish","type":"product","link":"https:\/\/skyshop.pt\/en\/product\/airbus-a330900neo-garuda-indonesia-pkghe-herpa-wings-613132\/","title":{"rendered":"Airbus A330-900neo Garuda Indonesia PK-GHE"},"content":{"rendered":"<p><strong>Scale:<\/strong>\u00a01:200<\/p>\n<p><strong>Material:\u00a0<\/strong>Snap-Fit plastic<\/p>\n<p><strong>Collection:<\/strong>\u00a0Aircraft Models<\/p>\n<p><strong>Registration:<\/strong>\u00a0PK-GHE<\/p>\n<p><strong>ISBN:<\/strong>\u00a0613132<\/p>","protected":false},"excerpt":{"rendered":"<p>Escala:\u00a01:200 Material:\u00a0Pl\u00e1stico Snap-Fit Cole\u00e7\u00e3o:\u00a0Aircraft Models Registo:\u00a0PK-GHE ISBN:\u00a0613132<\/p>","protected":false},"featured_media":62134,"comment_status":"open","ping_status":"closed","template":"","meta":[],"product_brand":[],"product_cat":[19353,19134,19138,19041,19058,19132,19136,19042,19061,19055,19047,19056,19035,19083],"product_tag":[],"class_list":{"0":"post-62135","1":"product","2":"type-product","3":"status-publish","4":"has-post-thumbnail","6":"product_cat-1200-escala","7":"product_cat-1200-escala-airbus","8":"product_cat-1200-escala-herpa","9":"product_cat-airbus","10":"product_cat-em-stock","11":"product_cat-escala-airbus","12":"product_cat-escala-herpa","13":"product_cat-escala","14":"product_cat-herpa","15":"product_cat-marcas","16":"product_cat-modelos-de-avioes","17":"product_cat-produtos","18":"product_cat-snap-fit","19":"product_cat-tipo","21":"first","22":"outofstock","23":"taxable","24":"shipping-taxable","25":"purchasable","26":"product-type-simple"},"_links":{"self":[{"href":"https:\/\/skyshop.pt\/en\/wp-json\/wp\/v2\/product\/62135","targetHints":{"allow":["GET"]}}],"collection":[{"href":"https:\/\/skyshop.pt\/en\/wp-json\/wp\/v2\/product"}],"about":[{"href":"https:\/\/skyshop.pt\/en\/wp-json\/wp\/v2\/types\/product"}],"replies":[{"embeddable":true,"href":"https:\/\/skyshop.pt\/en\/wp-json\/wp\/v2\/comments?post=62135"}],"version-history":[{"count":1,"href":"https:\/\/skyshop.pt\/en\/wp-json\/wp\/v2\/product\/62135\/revisions"}],"predecessor-version":[{"id":70466,"href":"https:\/\/skyshop.pt\/en\/wp-json\/wp\/v2\/product\/62135\/revisions\/70466"}],"wp:featuredmedia":[{"embeddable":true,"href":"https:\/\/skyshop.pt\/en\/wp-json\/wp\/v2\/media\/62134"}],"wp:attachment":[{"href":"https:\/\/skyshop.pt\/en\/wp-json\/wp\/v2\/media?parent=62135"}],"wp:term":[{"taxonomy":"product_brand","embeddable":true,"href":"https:\/\/skyshop.pt\/en\/wp-json\/wp\/v2\/product_brand?post=62135"},{"taxonomy":"product_cat","embeddable":true,"href":"https:\/\/skyshop.pt\/en\/wp-json\/wp\/v2\/product_cat?post=62135"},{"taxonomy":"product_tag","embeddable":true,"href":"https:\/\/skyshop.pt\/en\/wp-json\/wp\/v2\/product_tag?post=62135"}],"curies":[{"name":"wp","href":"https:\/\/api.w.org\/{rel}","templated":true}]}}