{"id":62124,"date":"2020-08-07T15:08:33","date_gmt":"2020-08-07T15:08:33","guid":{"rendered":"https:\/\/sky.sellrocket.io\/produto\/boeing-777300er-air-new-zealand-all-blacks-zkokq-herpa-wings-612777\/"},"modified":"2025-09-07T07:39:20","modified_gmt":"2025-09-07T07:39:20","slug":"boeing-777300er-air-new-zealand-all-blacks-zkokq-herpa-wings-612777","status":"publish","type":"product","link":"https:\/\/skyshop.pt\/en\/product\/boeing-777300er-air-new-zealand-all-blacks-zkokq-herpa-wings-612777\/","title":{"rendered":"Boeing 777-300ER Air New Zealand All Blacks ZK-OKQ"},"content":{"rendered":"<p><strong>Scale:<\/strong>\u00a01:200<\/p>\n<p><strong>Material:<\/strong>\u00a0Snap-Fit plastic<\/p>\n<p><strong>Collection:\u00a0<\/strong>Aircraft Models<\/p>\n<p><strong>Registration:<\/strong>\u00a0ZK-OKQ<\/p>\n<p><strong>ISBN:<\/strong>\u00a0612777<\/p>","protected":false},"excerpt":{"rendered":"<p>Escala:\u00a01:200 Material:\u00a0Pl\u00e1stico Snap-Fit Cole\u00e7\u00e3o:\u00a0Aircraft Models Registo:\u00a0ZK-OKQ ISBN:\u00a0612777<\/p>","protected":false},"featured_media":62123,"comment_status":"open","ping_status":"closed","template":"","meta":[],"product_brand":[],"product_cat":[19138,19168,19046,19136,19152,19042,19061,19055,19047,19039,19056,19390,19035,19389,19083,19353],"product_tag":[],"class_list":{"0":"post-62124","1":"product","2":"type-product","3":"status-publish","4":"has-post-thumbnail","6":"product_cat-1200-escala-herpa","7":"product_cat-1200-escala-boeing","8":"product_cat-boeing","9":"product_cat-escala-herpa","10":"product_cat-escala-boeing","11":"product_cat-escala","12":"product_cat-herpa","13":"product_cat-marcas","14":"product_cat-modelos-de-avioes","15":"product_cat-novidades","16":"product_cat-produtos","17":"product_cat-snap-fit-tipo-herpa","18":"product_cat-snap-fit","19":"product_cat-tipo-herpa","20":"product_cat-tipo","21":"product_cat-1200-escala","23":"first","24":"instock","25":"taxable","26":"shipping-taxable","27":"purchasable","28":"product-type-simple"},"_links":{"self":[{"href":"https:\/\/skyshop.pt\/en\/wp-json\/wp\/v2\/product\/62124","targetHints":{"allow":["GET"]}}],"collection":[{"href":"https:\/\/skyshop.pt\/en\/wp-json\/wp\/v2\/product"}],"about":[{"href":"https:\/\/skyshop.pt\/en\/wp-json\/wp\/v2\/types\/product"}],"replies":[{"embeddable":true,"href":"https:\/\/skyshop.pt\/en\/wp-json\/wp\/v2\/comments?post=62124"}],"version-history":[{"count":1,"href":"https:\/\/skyshop.pt\/en\/wp-json\/wp\/v2\/product\/62124\/revisions"}],"predecessor-version":[{"id":67616,"href":"https:\/\/skyshop.pt\/en\/wp-json\/wp\/v2\/product\/62124\/revisions\/67616"}],"wp:featuredmedia":[{"embeddable":true,"href":"https:\/\/skyshop.pt\/en\/wp-json\/wp\/v2\/media\/62123"}],"wp:attachment":[{"href":"https:\/\/skyshop.pt\/en\/wp-json\/wp\/v2\/media?parent=62124"}],"wp:term":[{"taxonomy":"product_brand","embeddable":true,"href":"https:\/\/skyshop.pt\/en\/wp-json\/wp\/v2\/product_brand?post=62124"},{"taxonomy":"product_cat","embeddable":true,"href":"https:\/\/skyshop.pt\/en\/wp-json\/wp\/v2\/product_cat?post=62124"},{"taxonomy":"product_tag","embeddable":true,"href":"https:\/\/skyshop.pt\/en\/wp-json\/wp\/v2\/product_tag?post=62124"}],"curies":[{"name":"wp","href":"https:\/\/api.w.org\/{rel}","templated":true}]}}